{"id":147,"date":"2018-06-21T13:28:15","date_gmt":"2018-06-21T11:28:15","guid":{"rendered":"http:\/\/facade-des-collines.fr\/?page_id=147"},"modified":"2019-02-07T20:47:23","modified_gmt":"2019-02-07T19:47:23","slug":"autres-travaux","status":"publish","type":"page","link":"https:\/\/facade-des-collines.fr\/index.php\/autres-travaux\/","title":{"rendered":"Autres travaux"},"content":{"rendered":"\t\t<div data-elementor-type=\"wp-post\" data-elementor-id=\"147\" class=\"elementor elementor-147 elementor-bc-flex-widget\">\n\t\t\t\t\t\t\t\t\t<section class=\"elementor-section elementor-top-section elementor-element elementor-element-8d24183 elementor-section-boxed elementor-section-height-default elementor-section-height-default\" data-id=\"8d24183\" data-element_type=\"section\">\n\t\t\t\t\t\t<div class=\"elementor-container elementor-column-gap-default\">\n\t\t\t\t\t<div class=\"elementor-column elementor-col-100 elementor-top-column elementor-element elementor-element-bf638e7\" data-id=\"bf638e7\" data-element_type=\"column\">\n\t\t\t<div class=\"elementor-widget-wrap elementor-element-populated\">\n\t\t\t\t\t\t\t\t<div class=\"elementor-element elementor-element-1f39ed3 elementor-widget elementor-widget-text-editor\" data-id=\"1f39ed3\" data-element_type=\"widget\" data-widget_type=\"text-editor.default\">\n\t\t\t\t<div class=\"elementor-widget-container\">\n\t\t\t\t\t\t\t<p>En plus de nos prestations habituelles, nous proposons des services adapt\u00e9s aux ma\u00e7onneries anciennes, type murs de pierre, maison en pis\u00e9, etc..<\/p>\t\t\t\t\t\t<\/div>\n\t\t\t\t<\/div>\n\t\t\t\t\t<\/div>\n\t\t<\/div>\n\t\t\t\t\t\t\t<\/div>\n\t\t<\/section>\n\t\t\t\t<section class=\"elementor-section elementor-top-section elementor-element elementor-element-e497c04 elementor-section-boxed elementor-section-height-default elementor-section-height-default\" data-id=\"e497c04\" data-element_type=\"section\">\n\t\t\t\t\t\t<div class=\"elementor-container elementor-column-gap-default\">\n\t\t\t\t\t<div class=\"elementor-column elementor-col-100 elementor-top-column elementor-element elementor-element-917e663\" data-id=\"917e663\" data-element_type=\"column\">\n\t\t\t<div class=\"elementor-widget-wrap elementor-element-populated\">\n\t\t\t\t\t\t\t\t<div class=\"elementor-element elementor-element-a11b08b elementor-widget elementor-widget-heading\" data-id=\"a11b08b\" data-element_type=\"widget\" data-widget_type=\"heading.default\">\n\t\t\t\t<div class=\"elementor-widget-container\">\n\t\t\t<h2 class=\"elementor-heading-title elementor-size-default\">Sablage, nettoyage et r\u00e9novation des murs en pierre<\/h2>\t\t<\/div>\n\t\t\t\t<\/div>\n\t\t\t\t<div class=\"elementor-element elementor-element-d5534d1 elementor-widget elementor-widget-text-editor\" data-id=\"d5534d1\" data-element_type=\"widget\" data-widget_type=\"text-editor.default\">\n\t\t\t\t<div class=\"elementor-widget-container\">\n\t\t\t\t\t\t\t<p>Gardez le cachet de votre maison en pierre, c&rsquo;est ce qui la rend originale et qui lui conf\u00e8re de la valeur. Nos \u00e9quipes sont capables de lui apporter une seconde jeunesse en effectuant sablage et nettoyage des pierres mais aussi de refaire les \u00ab\u00a0joints\u00a0\u00bb.\u00a0Les ma\u00e7onneries de pierres ont besoin de \u00ab respirer \u00bb pour \u00e9vacuer l\u2019humidit\u00e9, un principe essentiel lorsqu\u2019il s\u2019agit de reprendre une ma\u00e7onnerie\u00a0 ancienne. Pas question de former une barri\u00e8re \u00e9tanche en utilisant un mortier de ciment. Les qualit\u00e9s de la chaux sont irrempla\u00e7ables et c\u2019est elle qui sert de liant au mortier.<\/p>\t\t\t\t\t\t<\/div>\n\t\t\t\t<\/div>\n\t\t\t\t\t<\/div>\n\t\t<\/div>\n\t\t\t\t\t\t\t<\/div>\n\t\t<\/section>\n\t\t\t\t<section class=\"elementor-section elementor-top-section elementor-element elementor-element-5346ae4 elementor-section-boxed elementor-section-height-default elementor-section-height-default\" data-id=\"5346ae4\" data-element_type=\"section\">\n\t\t\t\t\t\t<div class=\"elementor-container elementor-column-gap-default\">\n\t\t\t\t\t<div class=\"elementor-column elementor-col-100 elementor-top-column elementor-element elementor-element-a70bf92\" data-id=\"a70bf92\" data-element_type=\"column\">\n\t\t\t<div class=\"elementor-widget-wrap elementor-element-populated\">\n\t\t\t\t\t\t\t\t<div class=\"elementor-element elementor-element-e043384 elementor-widget elementor-widget-heading\" data-id=\"e043384\" data-element_type=\"widget\" data-widget_type=\"heading.default\">\n\t\t\t\t<div class=\"elementor-widget-container\">\n\t\t\t<h2 class=\"elementor-heading-title elementor-size-default\">Vente de pierres<\/h2>\t\t<\/div>\n\t\t\t\t<\/div>\n\t\t\t\t<div class=\"elementor-element elementor-element-1300048 elementor-widget elementor-widget-text-editor\" data-id=\"1300048\" data-element_type=\"widget\" data-widget_type=\"text-editor.default\">\n\t\t\t\t<div class=\"elementor-widget-container\">\n\t\t\t\t\t\t\t<p>Rien de tel que quelques pierres sur une fa\u00e7ade pour lui donner du cachet, c&rsquo;est pour cela que nous proposons \u00e0 nos clients la vente de pierres.<\/p>\t\t\t\t\t\t<\/div>\n\t\t\t\t<\/div>\n\t\t\t\t\t<\/div>\n\t\t<\/div>\n\t\t\t\t\t\t\t<\/div>\n\t\t<\/section>\n\t\t\t\t<section class=\"elementor-section elementor-top-section elementor-element elementor-element-677e847 elementor-section-boxed elementor-section-height-default elementor-section-height-default\" data-id=\"677e847\" data-element_type=\"section\">\n\t\t\t\t\t\t<div class=\"elementor-container elementor-column-gap-default\">\n\t\t\t\t\t<div class=\"elementor-column elementor-col-100 elementor-top-column elementor-element elementor-element-1b2ed1a\" data-id=\"1b2ed1a\" data-element_type=\"column\">\n\t\t\t<div class=\"elementor-widget-wrap elementor-element-populated\">\n\t\t\t\t\t\t\t\t<div class=\"elementor-element elementor-element-0d73769 elementor-widget elementor-widget-heading\" data-id=\"0d73769\" data-element_type=\"widget\" data-widget_type=\"heading.default\">\n\t\t\t\t<div class=\"elementor-widget-container\">\n\t\t\t<h2 class=\"elementor-heading-title elementor-size-default\">Maison en pis\u00e9<\/h2>\t\t<\/div>\n\t\t\t\t<\/div>\n\t\t\t\t<div class=\"elementor-element elementor-element-3bec925 elementor-widget elementor-widget-text-editor\" data-id=\"3bec925\" data-element_type=\"widget\" data-widget_type=\"text-editor.default\">\n\t\t\t\t<div class=\"elementor-widget-container\">\n\t\t\t\t\t\t\t<p>Pis\u00e9, mais aussi torchis, bauge et tous les autres types de terre crue, sont utilis\u00e9s en construction depuis des mill\u00e9naires. Un temps oubli\u00e9es pour laisser la place aux nouveaux types de b\u00e2timents, les techniques de construction en terre crue sont aujourd&rsquo;hui revenues au go\u00fbt du jour, notamment pour leur qualit\u00e9 \u00e9cologique.\u00a0<\/p><p><span style=\"font-size: 1rem;\">Le pis\u00e9, plus particuli\u00e8rement, est un mur de terre argileuse compress\u00e9e. Son m\u00e9lange est variable selon les techniques et le sol de la r\u00e9gion. Il est g\u00e9n\u00e9ralement constitu\u00e9 \u00e0 70% de sable et \u00e0 30% d\u2019argile. Ce m\u00e9lange est ensuite humidifi\u00e9, malax\u00e9 et coffr\u00e9. Un proc\u00e9d\u00e9 simple, en apparence, que l\u2019on retrouve principalement dans la r\u00e9gion grenobloise, grande sp\u00e9cialiste du genre. Mais qui s\u2019av\u00e8re d\u00e9licat \u00e0 restaurer ou \u00e0 r\u00e9nover.<\/span><\/p>\t\t\t\t\t\t<\/div>\n\t\t\t\t<\/div>\n\t\t\t\t\t<\/div>\n\t\t<\/div>\n\t\t\t\t\t\t\t<\/div>\n\t\t<\/section>\n\t\t\t\t\t\t\t<\/div>\n\t\t","protected":false},"excerpt":{"rendered":"<p>En plus de nos prestations habituelles, nous proposons des services adapt\u00e9s aux ma\u00e7onneries anciennes, type murs de pierre, maison en pis\u00e9, etc.. Sablage, nettoyage et r\u00e9novation des murs en pierre Gardez le cachet de votre maison en pierre, c&rsquo;est ce qui la rend originale et qui lui conf\u00e8re de la valeur. Nos \u00e9quipes sont capables &hellip; <a href=\"https:\/\/facade-des-collines.fr\/index.php\/autres-travaux\/\" class=\"more-link\">Continuer la lecture<span class=\"screen-reader-text\"> de &laquo;&nbsp;Autres travaux&nbsp;&raquo;<\/span><\/a><\/p>\n","protected":false},"author":1,"featured_media":0,"parent":0,"menu_order":0,"comment_status":"closed","ping_status":"closed","template":"","meta":{"footnotes":""},"yoast_head":"<!-- This site is optimized with the Yoast SEO plugin v24.5 - https:\/\/yoast.com\/wordpress\/plugins\/seo\/ -->\n<title>Fa\u00e7ade des collines - Autres travaux<\/title>\n<meta name=\"description\" content=\"Ravalement de fa\u00e7ade \u2013 Isolation par l&#039;ext\u00e9rieur \u2013 Peinture ext\u00e9rieure\" \/>\n<meta name=\"robots\" content=\"index, follow, max-snippet:-1, max-image-preview:large, max-video-preview:-1\" \/>\n<link rel=\"canonical\" href=\"https:\/\/facade-des-collines.fr\/index.php\/autres-travaux\/\" \/>\n<meta property=\"og:locale\" content=\"fr_FR\" \/>\n<meta property=\"og:type\" content=\"article\" \/>\n<meta property=\"og:title\" content=\"Fa\u00e7ade des collines - Autres travaux\" \/>\n<meta property=\"og:description\" content=\"Ravalement de fa\u00e7ade \u2013 Isolation par l&#039;ext\u00e9rieur \u2013 Peinture ext\u00e9rieure\" \/>\n<meta property=\"og:url\" content=\"https:\/\/facade-des-collines.fr\/index.php\/autres-travaux\/\" \/>\n<meta property=\"article:modified_time\" content=\"2019-02-07T19:47:23+00:00\" \/>\n<meta name=\"twitter:card\" content=\"summary_large_image\" \/>\n<meta name=\"twitter:label1\" content=\"Dur\u00e9e de lecture estim\u00e9e\" \/>\n\t<meta name=\"twitter:data1\" content=\"2 minutes\" \/>\n<script type=\"application\/ld+json\" class=\"yoast-schema-graph\">{\"@context\":\"https:\/\/schema.org\",\"@graph\":[{\"@type\":\"WebPage\",\"@id\":\"https:\/\/facade-des-collines.fr\/index.php\/autres-travaux\/\",\"url\":\"https:\/\/facade-des-collines.fr\/index.php\/autres-travaux\/\",\"name\":\"Fa\u00e7ade des collines - Autres travaux\",\"isPartOf\":{\"@id\":\"https:\/\/facade-des-collines.fr\/#website\"},\"datePublished\":\"2018-06-21T11:28:15+00:00\",\"dateModified\":\"2019-02-07T19:47:23+00:00\",\"description\":\"Ravalement de fa\u00e7ade \u2013 Isolation par l'ext\u00e9rieur \u2013 Peinture ext\u00e9rieure\",\"breadcrumb\":{\"@id\":\"https:\/\/facade-des-collines.fr\/index.php\/autres-travaux\/#breadcrumb\"},\"inLanguage\":\"fr-FR\",\"potentialAction\":[{\"@type\":\"ReadAction\",\"target\":[\"https:\/\/facade-des-collines.fr\/index.php\/autres-travaux\/\"]}]},{\"@type\":\"BreadcrumbList\",\"@id\":\"https:\/\/facade-des-collines.fr\/index.php\/autres-travaux\/#breadcrumb\",\"itemListElement\":[{\"@type\":\"ListItem\",\"position\":1,\"name\":\"Accueil\",\"item\":\"https:\/\/facade-des-collines.fr\/\"},{\"@type\":\"ListItem\",\"position\":2,\"name\":\"Autres travaux\"}]},{\"@type\":\"WebSite\",\"@id\":\"https:\/\/facade-des-collines.fr\/#website\",\"url\":\"https:\/\/facade-des-collines.fr\/\",\"name\":\"\",\"description\":\"Ravalement de fa\u00e7ade - Isolation par l&#039;ext\u00e9rieur - Peinture ext\u00e9rieure\",\"potentialAction\":[{\"@type\":\"SearchAction\",\"target\":{\"@type\":\"EntryPoint\",\"urlTemplate\":\"https:\/\/facade-des-collines.fr\/?s={search_term_string}\"},\"query-input\":{\"@type\":\"PropertyValueSpecification\",\"valueRequired\":true,\"valueName\":\"search_term_string\"}}],\"inLanguage\":\"fr-FR\"}]}<\/script>\n<!-- \/ Yoast SEO plugin. -->","yoast_head_json":{"title":"Fa\u00e7ade des collines - Autres travaux","description":"Ravalement de fa\u00e7ade \u2013 Isolation par l'ext\u00e9rieur \u2013 Peinture ext\u00e9rieure","robots":{"index":"index","follow":"follow","max-snippet":"max-snippet:-1","max-image-preview":"max-image-preview:large","max-video-preview":"max-video-preview:-1"},"canonical":"https:\/\/facade-des-collines.fr\/index.php\/autres-travaux\/","og_locale":"fr_FR","og_type":"article","og_title":"Fa\u00e7ade des collines - Autres travaux","og_description":"Ravalement de fa\u00e7ade \u2013 Isolation par l'ext\u00e9rieur \u2013 Peinture ext\u00e9rieure","og_url":"https:\/\/facade-des-collines.fr\/index.php\/autres-travaux\/","article_modified_time":"2019-02-07T19:47:23+00:00","twitter_card":"summary_large_image","twitter_misc":{"Dur\u00e9e de lecture estim\u00e9e":"2 minutes"},"schema":{"@context":"https:\/\/schema.org","@graph":[{"@type":"WebPage","@id":"https:\/\/facade-des-collines.fr\/index.php\/autres-travaux\/","url":"https:\/\/facade-des-collines.fr\/index.php\/autres-travaux\/","name":"Fa\u00e7ade des collines - Autres travaux","isPartOf":{"@id":"https:\/\/facade-des-collines.fr\/#website"},"datePublished":"2018-06-21T11:28:15+00:00","dateModified":"2019-02-07T19:47:23+00:00","description":"Ravalement de fa\u00e7ade \u2013 Isolation par l'ext\u00e9rieur \u2013 Peinture ext\u00e9rieure","breadcrumb":{"@id":"https:\/\/facade-des-collines.fr\/index.php\/autres-travaux\/#breadcrumb"},"inLanguage":"fr-FR","potentialAction":[{"@type":"ReadAction","target":["https:\/\/facade-des-collines.fr\/index.php\/autres-travaux\/"]}]},{"@type":"BreadcrumbList","@id":"https:\/\/facade-des-collines.fr\/index.php\/autres-travaux\/#breadcrumb","itemListElement":[{"@type":"ListItem","position":1,"name":"Accueil","item":"https:\/\/facade-des-collines.fr\/"},{"@type":"ListItem","position":2,"name":"Autres travaux"}]},{"@type":"WebSite","@id":"https:\/\/facade-des-collines.fr\/#website","url":"https:\/\/facade-des-collines.fr\/","name":"","description":"Ravalement de fa\u00e7ade - Isolation par l&#039;ext\u00e9rieur - Peinture ext\u00e9rieure","potentialAction":[{"@type":"SearchAction","target":{"@type":"EntryPoint","urlTemplate":"https:\/\/facade-des-collines.fr\/?s={search_term_string}"},"query-input":{"@type":"PropertyValueSpecification","valueRequired":true,"valueName":"search_term_string"}}],"inLanguage":"fr-FR"}]}},"_links":{"self":[{"href":"https:\/\/facade-des-collines.fr\/index.php\/wp-json\/wp\/v2\/pages\/147"}],"collection":[{"href":"https:\/\/facade-des-collines.fr\/index.php\/wp-json\/wp\/v2\/pages"}],"about":[{"href":"https:\/\/facade-des-collines.fr\/index.php\/wp-json\/wp\/v2\/types\/page"}],"author":[{"embeddable":true,"href":"https:\/\/facade-des-collines.fr\/index.php\/wp-json\/wp\/v2\/users\/1"}],"replies":[{"embeddable":true,"href":"https:\/\/facade-des-collines.fr\/index.php\/wp-json\/wp\/v2\/comments?post=147"}],"version-history":[{"count":10,"href":"https:\/\/facade-des-collines.fr\/index.php\/wp-json\/wp\/v2\/pages\/147\/revisions"}],"predecessor-version":[{"id":412,"href":"https:\/\/facade-des-collines.fr\/index.php\/wp-json\/wp\/v2\/pages\/147\/revisions\/412"}],"wp:attachment":[{"href":"https:\/\/facade-des-collines.fr\/index.php\/wp-json\/wp\/v2\/media?parent=147"}],"curies":[{"name":"wp","href":"https:\/\/api.w.org\/{rel}","templated":true}]}}