{"id":9,"date":"2018-06-12T23:39:29","date_gmt":"2018-06-12T21:39:29","guid":{"rendered":"http:\/\/facade-des-collines.fr\/?page_id=9"},"modified":"2024-07-09T09:49:11","modified_gmt":"2024-07-09T07:49:11","slug":"contact","status":"publish","type":"page","link":"https:\/\/facade-des-collines.fr\/index.php\/contact\/","title":{"rendered":"Contact"},"content":{"rendered":"\t\t<div data-elementor-type=\"wp-post\" data-elementor-id=\"9\" class=\"elementor elementor-9\">\n\t\t\t\t\t\t\t\t\t<section class=\"elementor-section elementor-top-section elementor-element elementor-element-38eb057 elementor-section-boxed elementor-section-height-default elementor-section-height-default\" data-id=\"38eb057\" data-element_type=\"section\">\n\t\t\t\t\t\t<div class=\"elementor-container elementor-column-gap-default\">\n\t\t\t\t\t<div class=\"elementor-column elementor-col-100 elementor-top-column elementor-element elementor-element-d8ae966\" data-id=\"d8ae966\" data-element_type=\"column\">\n\t\t\t<div class=\"elementor-widget-wrap elementor-element-populated\">\n\t\t\t\t\t\t\t\t<div class=\"elementor-element elementor-element-409d9f4 elementor-widget elementor-widget-heading\" data-id=\"409d9f4\" data-element_type=\"widget\" data-widget_type=\"heading.default\">\n\t\t\t\t<div class=\"elementor-widget-container\">\n\t\t\t<h2 class=\"elementor-heading-title elementor-size-default\">Contact<\/h2>\t\t<\/div>\n\t\t\t\t<\/div>\n\t\t\t\t\t<\/div>\n\t\t<\/div>\n\t\t\t\t\t\t\t<\/div>\n\t\t<\/section>\n\t\t\t\t<section class=\"elementor-section elementor-top-section elementor-element elementor-element-b7fa1a0 elementor-section-boxed elementor-section-height-default elementor-section-height-default\" data-id=\"b7fa1a0\" data-element_type=\"section\">\n\t\t\t\t\t\t<div class=\"elementor-container elementor-column-gap-default\">\n\t\t\t\t\t<div class=\"elementor-column elementor-col-100 elementor-top-column elementor-element elementor-element-0e852b4\" data-id=\"0e852b4\" data-element_type=\"column\">\n\t\t\t<div class=\"elementor-widget-wrap elementor-element-populated\">\n\t\t\t\t\t\t\t\t<div class=\"elementor-element elementor-element-be8c540 elementor-widget elementor-widget-text-editor\" data-id=\"be8c540\" data-element_type=\"widget\" data-widget_type=\"text-editor.default\">\n\t\t\t\t<div class=\"elementor-widget-container\">\n\t\t\t\t\t\t\t<p style=\"text-align: center;\"><span style=\"color: #1a1a1a; font-family: Merriweather, Georgia, serif; font-size: 13px;\">04.27.43.43.19<\/span><br style=\"box-sizing: inherit; color: #1a1a1a; font-family: Merriweather, Georgia, serif; font-size: 13px;\" \/><span style=\"color: #1a1a1a; font-family: Merriweather, Georgia, serif; font-size: 13px;\">06.65.19.85.61<\/span><br style=\"box-sizing: inherit; color: #1a1a1a; font-family: Merriweather, Georgia, serif; font-size: 13px;\" \/><span style=\"color: #1a1a1a; font-family: Merriweather, Georgia, serif; font-size: 13px;\">facade.des.collines@gmail.com<\/span><\/p>\t\t\t\t\t\t<\/div>\n\t\t\t\t<\/div>\n\t\t\t\t\t<\/div>\n\t\t<\/div>\n\t\t\t\t\t\t\t<\/div>\n\t\t<\/section>\n\t\t\t\t<section class=\"elementor-section elementor-top-section elementor-element elementor-element-c5ab9f2 elementor-section-boxed elementor-section-height-default elementor-section-height-default\" data-id=\"c5ab9f2\" data-element_type=\"section\">\n\t\t\t\t\t\t<div class=\"elementor-container elementor-column-gap-default\">\n\t\t\t\t\t<div class=\"elementor-column elementor-col-100 elementor-top-column elementor-element elementor-element-a570c8e\" data-id=\"a570c8e\" data-element_type=\"column\">\n\t\t\t<div class=\"elementor-widget-wrap elementor-element-populated\">\n\t\t\t\t\t\t\t\t<div class=\"elementor-element elementor-element-e5fb0dc elementor-widget elementor-widget-heading\" data-id=\"e5fb0dc\" data-element_type=\"widget\" data-widget_type=\"heading.default\">\n\t\t\t\t<div class=\"elementor-widget-container\">\n\t\t\t<h2 class=\"elementor-heading-title elementor-size-default\">Localisation<\/h2>\t\t<\/div>\n\t\t\t\t<\/div>\n\t\t\t\t\t<\/div>\n\t\t<\/div>\n\t\t\t\t\t\t\t<\/div>\n\t\t<\/section>\n\t\t\t\t<section class=\"elementor-section elementor-top-section elementor-element elementor-element-d74bbf6 elementor-section-boxed elementor-section-height-default elementor-section-height-default\" data-id=\"d74bbf6\" data-element_type=\"section\">\n\t\t\t\t\t\t<div class=\"elementor-container elementor-column-gap-default\">\n\t\t\t\t\t<div class=\"elementor-column elementor-col-33 elementor-top-column elementor-element elementor-element-e7e05dc\" data-id=\"e7e05dc\" data-element_type=\"column\">\n\t\t\t<div class=\"elementor-widget-wrap elementor-element-populated\">\n\t\t\t\t\t\t\t\t<div class=\"elementor-element elementor-element-806b7ee elementor-widget elementor-widget-text-editor\" data-id=\"806b7ee\" data-element_type=\"widget\" data-widget_type=\"text-editor.default\">\n\t\t\t\t<div class=\"elementor-widget-container\">\n\t\t\t\t\t\t\t<p><strong>Fa\u00e7ade des Collines<\/strong><br \/>185A All\u00e9e de Chambaran<br \/><span style=\"color: var( --e-global-color-text ); font-family: var( --e-global-typography-text-font-family ), Sans-serif; font-weight: var( --e-global-typography-text-font-weight ); font-size: 1rem;\">Zone Industrielle Sud<\/span><br \/>26300 Bourg de P\u00e9age<\/p>\t\t\t\t\t\t<\/div>\n\t\t\t\t<\/div>\n\t\t\t\t<div class=\"elementor-element elementor-element-ae0c66f elementor-widget elementor-widget-image\" data-id=\"ae0c66f\" data-element_type=\"widget\" data-widget_type=\"image.default\">\n\t\t\t\t<div class=\"elementor-widget-container\">\n\t\t\t\t\t\t\t\t\t\t\t\t\t\t\t<img fetchpriority=\"high\" decoding=\"async\" width=\"302\" height=\"297\" src=\"https:\/\/facade-des-collines.fr\/wp-content\/uploads\/2018\/06\/Romans.png\" class=\"attachment-large size-large wp-image-95\" alt=\"\" srcset=\"https:\/\/facade-des-collines.fr\/wp-content\/uploads\/2018\/06\/Romans.png 302w, https:\/\/facade-des-collines.fr\/wp-content\/uploads\/2018\/06\/Romans-300x295.png 300w\" sizes=\"(max-width: 302px) 85vw, 302px\" \/>\t\t\t\t\t\t\t\t\t\t\t\t\t\t\t<\/div>\n\t\t\t\t<\/div>\n\t\t\t\t\t<\/div>\n\t\t<\/div>\n\t\t\t\t<div class=\"elementor-column elementor-col-66 elementor-top-column elementor-element elementor-element-24d801f\" data-id=\"24d801f\" data-element_type=\"column\">\n\t\t\t<div class=\"elementor-widget-wrap elementor-element-populated\">\n\t\t\t\t\t\t\t\t<div class=\"elementor-element elementor-element-59e2739 elementor-widget elementor-widget-google_maps\" data-id=\"59e2739\" data-element_type=\"widget\" data-widget_type=\"google_maps.default\">\n\t\t\t\t<div class=\"elementor-widget-container\">\n\t\t\t\t\t<div class=\"elementor-custom-embed\">\n\t\t\t<iframe loading=\"lazy\"\n\t\t\t\t\tsrc=\"https:\/\/maps.google.com\/maps?q=185%20All%C3%A9e%20de%20Chambaran%2C%2026300%20BOURG%20DE%20P%C3%89AGE&#038;t=m&#038;z=11&#038;output=embed&#038;iwloc=near\"\n\t\t\t\t\ttitle=\"185 All\u00e9e de Chambaran, 26300 BOURG DE P\u00c9AGE\"\n\t\t\t\t\taria-label=\"185 All\u00e9e de Chambaran, 26300 BOURG DE P\u00c9AGE\"\n\t\t\t><\/iframe>\n\t\t<\/div>\n\t\t\t\t<\/div>\n\t\t\t\t<\/div>\n\t\t\t\t\t<\/div>\n\t\t<\/div>\n\t\t\t\t\t\t\t<\/div>\n\t\t<\/section>\n\t\t\t\t\t\t\t<\/div>\n\t\t","protected":false},"excerpt":{"rendered":"<p>Contact 04.27.43.43.1906.65.19.85.61facade.des.collines@gmail.com Localisation Fa\u00e7ade des Collines185A All\u00e9e de ChambaranZone Industrielle Sud26300 Bourg de P\u00e9age<\/p>\n","protected":false},"author":1,"featured_media":0,"parent":0,"menu_order":0,"comment_status":"closed","ping_status":"closed","template":"","meta":{"footnotes":""},"yoast_head":"<!-- This site is optimized with the Yoast SEO plugin v24.5 - https:\/\/yoast.com\/wordpress\/plugins\/seo\/ -->\n<title>Fa\u00e7ade des collines - Contact<\/title>\n<meta name=\"description\" content=\"Ravalement de fa\u00e7ade \u2013 Isolation par l&#039;ext\u00e9rieur \u2013 Peinture ext\u00e9rieure sur Romans sur Is\u00e8re\" \/>\n<meta name=\"robots\" content=\"index, follow, max-snippet:-1, max-image-preview:large, max-video-preview:-1\" \/>\n<link rel=\"canonical\" href=\"https:\/\/facade-des-collines.fr\/index.php\/contact\/\" \/>\n<meta property=\"og:locale\" content=\"fr_FR\" \/>\n<meta property=\"og:type\" content=\"article\" \/>\n<meta property=\"og:title\" content=\"Fa\u00e7ade des collines - Contact\" \/>\n<meta property=\"og:description\" content=\"Ravalement de fa\u00e7ade \u2013 Isolation par l&#039;ext\u00e9rieur \u2013 Peinture ext\u00e9rieure sur Romans sur Is\u00e8re\" \/>\n<meta property=\"og:url\" content=\"https:\/\/facade-des-collines.fr\/index.php\/contact\/\" \/>\n<meta property=\"article:modified_time\" content=\"2024-07-09T07:49:11+00:00\" \/>\n<meta property=\"og:image\" content=\"http:\/\/facade-des-collines.fr\/wp-content\/uploads\/2018\/06\/Romans.png\" \/>\n<meta name=\"twitter:card\" content=\"summary_large_image\" \/>\n<meta name=\"twitter:label1\" content=\"Dur\u00e9e de lecture estim\u00e9e\" \/>\n\t<meta name=\"twitter:data1\" content=\"1 minute\" \/>\n<script type=\"application\/ld+json\" class=\"yoast-schema-graph\">{\"@context\":\"https:\/\/schema.org\",\"@graph\":[{\"@type\":\"WebPage\",\"@id\":\"https:\/\/facade-des-collines.fr\/index.php\/contact\/\",\"url\":\"https:\/\/facade-des-collines.fr\/index.php\/contact\/\",\"name\":\"Fa\u00e7ade des collines - Contact\",\"isPartOf\":{\"@id\":\"https:\/\/facade-des-collines.fr\/#website\"},\"primaryImageOfPage\":{\"@id\":\"https:\/\/facade-des-collines.fr\/index.php\/contact\/#primaryimage\"},\"image\":{\"@id\":\"https:\/\/facade-des-collines.fr\/index.php\/contact\/#primaryimage\"},\"thumbnailUrl\":\"http:\/\/facade-des-collines.fr\/wp-content\/uploads\/2018\/06\/Romans.png\",\"datePublished\":\"2018-06-12T21:39:29+00:00\",\"dateModified\":\"2024-07-09T07:49:11+00:00\",\"description\":\"Ravalement de fa\u00e7ade \u2013 Isolation par l'ext\u00e9rieur \u2013 Peinture ext\u00e9rieure sur Romans sur Is\u00e8re\",\"breadcrumb\":{\"@id\":\"https:\/\/facade-des-collines.fr\/index.php\/contact\/#breadcrumb\"},\"inLanguage\":\"fr-FR\",\"potentialAction\":[{\"@type\":\"ReadAction\",\"target\":[\"https:\/\/facade-des-collines.fr\/index.php\/contact\/\"]}]},{\"@type\":\"ImageObject\",\"inLanguage\":\"fr-FR\",\"@id\":\"https:\/\/facade-des-collines.fr\/index.php\/contact\/#primaryimage\",\"url\":\"http:\/\/facade-des-collines.fr\/wp-content\/uploads\/2018\/06\/Romans.png\",\"contentUrl\":\"http:\/\/facade-des-collines.fr\/wp-content\/uploads\/2018\/06\/Romans.png\"},{\"@type\":\"BreadcrumbList\",\"@id\":\"https:\/\/facade-des-collines.fr\/index.php\/contact\/#breadcrumb\",\"itemListElement\":[{\"@type\":\"ListItem\",\"position\":1,\"name\":\"Accueil\",\"item\":\"https:\/\/facade-des-collines.fr\/\"},{\"@type\":\"ListItem\",\"position\":2,\"name\":\"Contact\"}]},{\"@type\":\"WebSite\",\"@id\":\"https:\/\/facade-des-collines.fr\/#website\",\"url\":\"https:\/\/facade-des-collines.fr\/\",\"name\":\"\",\"description\":\"Ravalement de fa\u00e7ade - Isolation par l&#039;ext\u00e9rieur - Peinture ext\u00e9rieure\",\"potentialAction\":[{\"@type\":\"SearchAction\",\"target\":{\"@type\":\"EntryPoint\",\"urlTemplate\":\"https:\/\/facade-des-collines.fr\/?s={search_term_string}\"},\"query-input\":{\"@type\":\"PropertyValueSpecification\",\"valueRequired\":true,\"valueName\":\"search_term_string\"}}],\"inLanguage\":\"fr-FR\"}]}<\/script>\n<!-- \/ Yoast SEO plugin. -->","yoast_head_json":{"title":"Fa\u00e7ade des collines - Contact","description":"Ravalement de fa\u00e7ade \u2013 Isolation par l'ext\u00e9rieur \u2013 Peinture ext\u00e9rieure sur Romans sur Is\u00e8re","robots":{"index":"index","follow":"follow","max-snippet":"max-snippet:-1","max-image-preview":"max-image-preview:large","max-video-preview":"max-video-preview:-1"},"canonical":"https:\/\/facade-des-collines.fr\/index.php\/contact\/","og_locale":"fr_FR","og_type":"article","og_title":"Fa\u00e7ade des collines - Contact","og_description":"Ravalement de fa\u00e7ade \u2013 Isolation par l'ext\u00e9rieur \u2013 Peinture ext\u00e9rieure sur Romans sur Is\u00e8re","og_url":"https:\/\/facade-des-collines.fr\/index.php\/contact\/","article_modified_time":"2024-07-09T07:49:11+00:00","og_image":[{"url":"http:\/\/facade-des-collines.fr\/wp-content\/uploads\/2018\/06\/Romans.png","type":"","width":"","height":""}],"twitter_card":"summary_large_image","twitter_misc":{"Dur\u00e9e de lecture estim\u00e9e":"1 minute"},"schema":{"@context":"https:\/\/schema.org","@graph":[{"@type":"WebPage","@id":"https:\/\/facade-des-collines.fr\/index.php\/contact\/","url":"https:\/\/facade-des-collines.fr\/index.php\/contact\/","name":"Fa\u00e7ade des collines - Contact","isPartOf":{"@id":"https:\/\/facade-des-collines.fr\/#website"},"primaryImageOfPage":{"@id":"https:\/\/facade-des-collines.fr\/index.php\/contact\/#primaryimage"},"image":{"@id":"https:\/\/facade-des-collines.fr\/index.php\/contact\/#primaryimage"},"thumbnailUrl":"http:\/\/facade-des-collines.fr\/wp-content\/uploads\/2018\/06\/Romans.png","datePublished":"2018-06-12T21:39:29+00:00","dateModified":"2024-07-09T07:49:11+00:00","description":"Ravalement de fa\u00e7ade \u2013 Isolation par l'ext\u00e9rieur \u2013 Peinture ext\u00e9rieure sur Romans sur Is\u00e8re","breadcrumb":{"@id":"https:\/\/facade-des-collines.fr\/index.php\/contact\/#breadcrumb"},"inLanguage":"fr-FR","potentialAction":[{"@type":"ReadAction","target":["https:\/\/facade-des-collines.fr\/index.php\/contact\/"]}]},{"@type":"ImageObject","inLanguage":"fr-FR","@id":"https:\/\/facade-des-collines.fr\/index.php\/contact\/#primaryimage","url":"http:\/\/facade-des-collines.fr\/wp-content\/uploads\/2018\/06\/Romans.png","contentUrl":"http:\/\/facade-des-collines.fr\/wp-content\/uploads\/2018\/06\/Romans.png"},{"@type":"BreadcrumbList","@id":"https:\/\/facade-des-collines.fr\/index.php\/contact\/#breadcrumb","itemListElement":[{"@type":"ListItem","position":1,"name":"Accueil","item":"https:\/\/facade-des-collines.fr\/"},{"@type":"ListItem","position":2,"name":"Contact"}]},{"@type":"WebSite","@id":"https:\/\/facade-des-collines.fr\/#website","url":"https:\/\/facade-des-collines.fr\/","name":"","description":"Ravalement de fa\u00e7ade - Isolation par l&#039;ext\u00e9rieur - Peinture ext\u00e9rieure","potentialAction":[{"@type":"SearchAction","target":{"@type":"EntryPoint","urlTemplate":"https:\/\/facade-des-collines.fr\/?s={search_term_string}"},"query-input":{"@type":"PropertyValueSpecification","valueRequired":true,"valueName":"search_term_string"}}],"inLanguage":"fr-FR"}]}},"_links":{"self":[{"href":"https:\/\/facade-des-collines.fr\/index.php\/wp-json\/wp\/v2\/pages\/9"}],"collection":[{"href":"https:\/\/facade-des-collines.fr\/index.php\/wp-json\/wp\/v2\/pages"}],"about":[{"href":"https:\/\/facade-des-collines.fr\/index.php\/wp-json\/wp\/v2\/types\/page"}],"author":[{"embeddable":true,"href":"https:\/\/facade-des-collines.fr\/index.php\/wp-json\/wp\/v2\/users\/1"}],"replies":[{"embeddable":true,"href":"https:\/\/facade-des-collines.fr\/index.php\/wp-json\/wp\/v2\/comments?post=9"}],"version-history":[{"count":69,"href":"https:\/\/facade-des-collines.fr\/index.php\/wp-json\/wp\/v2\/pages\/9\/revisions"}],"predecessor-version":[{"id":574,"href":"https:\/\/facade-des-collines.fr\/index.php\/wp-json\/wp\/v2\/pages\/9\/revisions\/574"}],"wp:attachment":[{"href":"https:\/\/facade-des-collines.fr\/index.php\/wp-json\/wp\/v2\/media?parent=9"}],"curies":[{"name":"wp","href":"https:\/\/api.w.org\/{rel}","templated":true}]}}